{"id":1033,"date":"2020-11-23T11:15:48","date_gmt":"2020-11-23T14:15:48","guid":{"rendered":"https:\/\/isfd26-bue.infd.edu.ar\/sitio\/?page_id=1033"},"modified":"2025-10-16T09:27:42","modified_gmt":"2025-10-16T12:27:42","slug":"inscripcion-2024","status":"publish","type":"page","link":"https:\/\/isfd26-bue.infd.edu.ar\/sitio\/inscripcion-2024\/","title":{"rendered":"INSCRIPCI\u00d3N 2026"},"content":{"rendered":"\n<p>A partir del 1 de Diciembre de 2025 en la sede de calle M\u00e1rquez 51 &#8211; Dolores<\/p>\n\n\n\n<p><mark style=\"background-color:rgba(0, 0, 0, 0)\" class=\"has-inline-color has-vivid-cyan-blue-color\">DOCUMENTACI\u00d3N NECESARIA<\/mark><\/p>\n\n\n\n<p>1.-<strong> Planilla de inscripci\u00f3n <\/strong> <\/p>\n\n\n\n<div class=\"wp-block-file\"><object class=\"wp-block-file__embed\" data=\"https:\/\/isfd26-bue.infd.edu.ar\/sitio\/wp-content\/uploads\/2022\/10\/planilla-de-inscripcion-a-carrera.pdf\" type=\"application\/pdf\" style=\"width:100%;height:600px\" aria-label=\"Incrustado de planilla-de-inscripcion-a-carrera.\"><\/object><a id=\"wp-block-file--media-eeb878c5-ac9e-44bf-a506-c504fa2241da\" href=\"https:\/\/isfd26-bue.infd.edu.ar\/sitio\/wp-content\/uploads\/2022\/10\/planilla-de-inscripcion-a-carrera.pdf\">planilla-de-inscripcion-a-carrera<\/a><a href=\"https:\/\/isfd26-bue.infd.edu.ar\/sitio\/wp-content\/uploads\/2022\/10\/planilla-de-inscripcion-a-carrera.pdf\" class=\"wp-block-file__button wp-element-button\" download aria-describedby=\"wp-block-file--media-eeb878c5-ac9e-44bf-a506-c504fa2241da\">Descarga<\/a><\/div>\n\n\n\n\n\n<p>2.- <strong>T\u00edtulo secundario <\/strong>(fotocopia y original) <strong>o certificado de t\u00edtulo en tr\u00e1mite<\/strong><\/p>\n\n\n\n<p>3.- <strong>DNI<\/strong> (fotocopia y original)<\/p>\n\n\n\n<p>4.- <strong>Foto carnet<\/strong><\/p>\n\n\n\n<p>5.- <strong>Certificado de buena salud<\/strong><\/p>\n\n\n\n<p>6.- <strong>1 Folio tama\u00f1o A4<\/strong><\/p>\n\n\n\n<p><\/p>\n","protected":false},"excerpt":{"rendered":"<p>A partir del 1 de Diciembre de 2025 en la sede de calle M\u00e1rquez 51 &#8211; Dolores DOCUMENTACI\u00d3N NECESARIA 1.- Planilla de inscripci\u00f3n 2.- T\u00edtulo secundario (fotocopia y original) o certificado de t\u00edtulo en tr\u00e1mite 3.- DNI (fotocopia y original) 4.- Foto carnet 5.- Certificado de buena salud 6.- 1 Folio tama\u00f1o A4<\/p>\n","protected":false},"author":15,"featured_media":0,"parent":0,"menu_order":0,"comment_status":"closed","ping_status":"closed","template":"","meta":[],"acf":[],"_links":{"self":[{"href":"https:\/\/isfd26-bue.infd.edu.ar\/sitio\/wp-json\/wp\/v2\/pages\/1033"}],"collection":[{"href":"https:\/\/isfd26-bue.infd.edu.ar\/sitio\/wp-json\/wp\/v2\/pages"}],"about":[{"href":"https:\/\/isfd26-bue.infd.edu.ar\/sitio\/wp-json\/wp\/v2\/types\/page"}],"author":[{"embeddable":true,"href":"https:\/\/isfd26-bue.infd.edu.ar\/sitio\/wp-json\/wp\/v2\/users\/15"}],"replies":[{"embeddable":true,"href":"https:\/\/isfd26-bue.infd.edu.ar\/sitio\/wp-json\/wp\/v2\/comments?post=1033"}],"version-history":[{"count":21,"href":"https:\/\/isfd26-bue.infd.edu.ar\/sitio\/wp-json\/wp\/v2\/pages\/1033\/revisions"}],"predecessor-version":[{"id":1988,"href":"https:\/\/isfd26-bue.infd.edu.ar\/sitio\/wp-json\/wp\/v2\/pages\/1033\/revisions\/1988"}],"wp:attachment":[{"href":"https:\/\/isfd26-bue.infd.edu.ar\/sitio\/wp-json\/wp\/v2\/media?parent=1033"}],"curies":[{"name":"wp","href":"https:\/\/api.w.org\/{rel}","templated":true}]}}