{"id":1121,"date":"2021-09-27T16:10:40","date_gmt":"2021-09-27T19:10:40","guid":{"rendered":"https:\/\/isfd26-bue.infd.edu.ar\/sitio\/?page_id=1121"},"modified":"2022-10-19T18:12:27","modified_gmt":"2022-10-19T21:12:27","slug":"ci-26","status":"publish","type":"page","link":"https:\/\/isfd26-bue.infd.edu.ar\/sitio\/ci-26\/","title":{"rendered":"CI 26"},"content":{"rendered":"\n<p><\/p>\n\n\n\n<figure class=\"wp-block-gallery aligncenter columns-1 is-cropped wp-block-gallery-1 is-layout-flex\"><ul class=\"blocks-gallery-grid\"><li class=\"blocks-gallery-item\"><figure><img decoding=\"async\" loading=\"lazy\" width=\"904\" height=\"1280\" src=\"https:\/\/isfd26-bue.infd.edu.ar\/sitio\/wp-content\/uploads\/2022\/10\/WhatsApp-Image-2022-10-18-at-08.05.44-1.jpeg\" alt=\"\" data-id=\"1375\" data-full-url=\"https:\/\/isfd26-bue.infd.edu.ar\/sitio\/wp-content\/uploads\/2022\/10\/WhatsApp-Image-2022-10-18-at-08.05.44-1.jpeg\" data-link=\"https:\/\/isfd26-bue.infd.edu.ar\/sitio\/ci-26\/whatsapp-image-2022-10-18-at-08-05-44-1\/#main\" class=\"wp-image-1375\" srcset=\"https:\/\/isfd26-bue.infd.edu.ar\/sitio\/wp-content\/uploads\/2022\/10\/WhatsApp-Image-2022-10-18-at-08.05.44-1.jpeg 904w, https:\/\/isfd26-bue.infd.edu.ar\/sitio\/wp-content\/uploads\/2022\/10\/WhatsApp-Image-2022-10-18-at-08.05.44-1-706x1000.jpeg 706w, https:\/\/isfd26-bue.infd.edu.ar\/sitio\/wp-content\/uploads\/2022\/10\/WhatsApp-Image-2022-10-18-at-08.05.44-1-768x1087.jpeg 768w\" sizes=\"(max-width: 904px) 100vw, 904px\" \/><\/figure><\/li><\/ul><\/figure>\n\n\n\n<pre class=\"wp-block-code\"><code>https:&#47;&#47;forms.gle\/RQDgTEtnVsuVqtrs7<\/code><\/pre>\n\n\n\n<p>\u00a1Si en el 2023 ten\u00e9s ganas de estudiar, anotate ahora para realizar el CI26!<\/p>\n\n\n\n<p>\u00bfQu\u00e9 es?<br>El Curso Introductorio a la Educaci\u00f3n Superior es un curso a cargo de Profesores del Instituto 26 en donde podr\u00e1s prepararte e incorporar ciertos conocimientos para ingresar a estudiar el 2023.<\/p>\n\n\n\n<p>\u00bfCu\u00e1ndo se realiza?<br>Consta de 3 encuentros, a partir de las 19hs, &nbsp;los d\u00edas mi\u00e9rcoles 26 de octubre \/ mi\u00e9rcoles 2 de noviembre y jueves 3 de noviembre<\/p>\n\n\n\n<p>\u00bfQu\u00e9 necesit\u00e1s?<br>Tener muchas ganas de conocer el Instituto, la oferta acad\u00e9mica y de aprender.<\/p>\n\n\n\n<p>\u00bfC\u00f3mo te anot\u00e1s?<br>Inscribite en este link<a href=\"https:\/\/forms.gle\/RQDgTEtnVsuVqtrs7\" target=\"_blank\" rel=\"noreferrer noopener\"> https:\/\/forms.gle\/RQDgTEtnVsuVqtrs7 <\/a>y agendate los d\u00edas.<\/p>\n\n\n\n<p>\u00a1Te esperamos!<\/p>\n","protected":false},"excerpt":{"rendered":"<p>\u00a1Si en el 2023 ten\u00e9s ganas de estudiar, anotate ahora para realizar el CI26! \u00bfQu\u00e9 es?El Curso Introductorio a la Educaci\u00f3n Superior es un curso a cargo de Profesores del Instituto 26 en donde podr\u00e1s prepararte e incorporar ciertos conocimientos para ingresar a estudiar el 2023. \u00bfCu\u00e1ndo se realiza?Consta de 3 encuentros, a partir de &#8230; <a title=\"CI 26\" class=\"read-more\" href=\"https:\/\/isfd26-bue.infd.edu.ar\/sitio\/ci-26\/\" aria-label=\"More on CI 26\">[+]<\/a><\/p>\n","protected":false},"author":15,"featured_media":0,"parent":0,"menu_order":0,"comment_status":"closed","ping_status":"closed","template":"","meta":[],"acf":[],"_links":{"self":[{"href":"https:\/\/isfd26-bue.infd.edu.ar\/sitio\/wp-json\/wp\/v2\/pages\/1121"}],"collection":[{"href":"https:\/\/isfd26-bue.infd.edu.ar\/sitio\/wp-json\/wp\/v2\/pages"}],"about":[{"href":"https:\/\/isfd26-bue.infd.edu.ar\/sitio\/wp-json\/wp\/v2\/types\/page"}],"author":[{"embeddable":true,"href":"https:\/\/isfd26-bue.infd.edu.ar\/sitio\/wp-json\/wp\/v2\/users\/15"}],"replies":[{"embeddable":true,"href":"https:\/\/isfd26-bue.infd.edu.ar\/sitio\/wp-json\/wp\/v2\/comments?post=1121"}],"version-history":[{"count":9,"href":"https:\/\/isfd26-bue.infd.edu.ar\/sitio\/wp-json\/wp\/v2\/pages\/1121\/revisions"}],"predecessor-version":[{"id":1376,"href":"https:\/\/isfd26-bue.infd.edu.ar\/sitio\/wp-json\/wp\/v2\/pages\/1121\/revisions\/1376"}],"wp:attachment":[{"href":"https:\/\/isfd26-bue.infd.edu.ar\/sitio\/wp-json\/wp\/v2\/media?parent=1121"}],"curies":[{"name":"wp","href":"https:\/\/api.w.org\/{rel}","templated":true}]}}