{"id":773,"date":"2019-11-23T17:21:05","date_gmt":"2019-11-23T20:21:05","guid":{"rendered":"https:\/\/isfd26-bue.infd.edu.ar\/sitio\/?page_id=773"},"modified":"2025-12-03T16:05:01","modified_gmt":"2025-12-03T19:05:01","slug":"disenos-curriculares","status":"publish","type":"page","link":"https:\/\/isfd26-bue.infd.edu.ar\/sitio\/disenos-curriculares\/","title":{"rendered":"DISE\u00d1OS CURRICULARES"},"content":{"rendered":"<p><a href=\"http:\/\/servicios.abc.gov.ar\/lainstitucion\/organismos\/consejogeneral\/disenioscurriculares\/documentosdescarga\/dcurricularsuperior.pdf\">PROFESORADO DE EDUCACI\u00d3N PRIMARIA &#8211; PROFESORADO DE EDUCACI\u00d3N INICIAL<\/a><\/p>\n<p><a href=\"http:\/\/servicios.abc.gov.ar\/lainstitucion\/organismos\/consejogeneral\/disenioscurriculares\/documentosdescarga\/res1009-09_educ_especial.pdf\">PROFESORADO DE EDUCACION ESPECIAL<\/a><\/p>\n<p><a href=\"https:\/\/abc.gob.ar\/secretarias\/sites\/default\/files\/2023-02\/Dise%C3%B1o%20Curricular%20PROFESORADO%20DE%20EDUCACI%C3%93N%20SECUNDARIA%20T%C3%89CNICO%20PROFESIONAL%20EN%20PRODUCCI%C3%93N%20AGROPECUARIA.pdf\" target=\"_blank\" rel=\"noopener\">PROFESORADO SECUNDARIO T\u00c9CNICO EN PRODUCCI\u00d3N AGROPECUARIA<\/a><\/p>\n<p><a href=\"http:\/\/servicios.abc.gov.ar\/lainstitucion\/organismos\/consejogeneral\/tecnicatura\/res\/trabajo-social\/trabajosocialres1666-06.pdf\">TECNICATURA SUPERIOR EN TRABAJO SOCIAL<\/a><\/p>\n<p><a href=\"https:\/\/isfd26-bue.infd.edu.ar\/sitio\/wp-content\/uploads\/2023\/05\/Resolucion-854-16-Enfermeria.pdf\">TECNICATURA SUPERIOR EN ENFERMERIA<\/a><\/p>\n<p><a href=\"http:\/\/servicios.abc.gov.ar\/lainstitucion\/organismos\/consejogeneral\/tecnicatura\/res\/1221-15-acompaniamiento-terapeutico.pdf\">TECNICATURA SUPERIOR EN ACOMPA\u00d1AMIENTO TERAPEUTICO<\/a><\/p>\n<p><a href=\"https:\/\/abc.gob.ar\/secretarias\/sites\/default\/files\/2023-08\/TS%20en%20Turismo%20Res.%202686-20%20y%20Anexo.pdf\">TECNICATURA SUPERIOR EN TURISMO<\/a><\/p>\n<p><a href=\"https:\/\/isfd26-bue.infd.edu.ar\/sitio\/wp-content\/uploads\/2021\/02\/DesarrolloSoftware-5847-19.pdf\">TECNICATURA SUPERIOR EN DESARROLLO DE SOFTWARE<\/a><\/p>\n<p><a href=\"https:\/\/drive.google.com\/file\/d\/118sFLVUe6PfGhlExbVX8dlLzQIrRP899\/view?usp=sharing\">TECNICATURA SUPERIOR EN DISE\u00d1O Y PRODUCCION DE INDUMENTARIA<\/a><\/p>\n<p><a href=\"https:\/\/drive.google.com\/file\/d\/158deM_VhjgLG83EKzKA8Wvkryo5EIYrV\/view?usp=drive_link\">TECNICATURA SUPERIOR EN DISE\u00d1O Y PRODUCCI\u00d3N DE INDUMENTARIA<\/a> (NUEVA RESOLUCI\u00d3N)<\/p>\n<p><a href=\"https:\/\/abc.gob.ar\/secretarias\/sites\/default\/files\/2021-06\/TS%20en%20Dise%C3%B1o%2C%20Imagen%20y%20Sonido%20-%20Res.%20845_05.pdf\" target=\"_blank\" rel=\"noopener\">TECNICATURA SUPERIOR EN DISE\u00d1O DE IMAGEN Y SONIDO<\/a><\/p>\n<p><a href=\"https:\/\/www.ibeltran.com.ar\/archivos\/Resolucion_43_17_sup_salud_mental.pdf\">CERTIFICACI\u00d3N SUPERIOR EN ENFERMERIA EN SALUD MENTAL<\/a><\/p>\n<p><a href=\"http:\/\/servicios.abc.gov.ar\/lainstitucion\/organismos\/consejogeneral\/tecnicatura\/res\/3753_11_servicios_gastronomicos_escaneada.pdf\" target=\"_blank\" rel=\"noopener\">TECNICATURA SUPERIOR EN SERVICIOS GASTRON\u00d3MICOS\u00a0\u00a0<\/a><\/p>\n<p><a href=\"https:\/\/drive.google.com\/file\/d\/1NpICJTAr_8UUxh0Wv8B_S-dDddm9TDhI\/view?usp=drive_link\">TECNICATURA SUPERIOR EN SERVICIOS GASTRON\u00d3MICOS<\/a> (NUEVA RESOLUCI\u00d3N)<\/p>\n<p><a href=\"https:\/\/abc.gob.ar\/secretarias\/sites\/default\/files\/2023-08\/Gu%C3%ADa%20de%20Turismo%20Res%202684-20%20y%20Anexo.pdf\">TECNICATURA SUPERIOR EN GUIA DE TURISMO<\/a><\/p>\n<p><a href=\"https:\/\/www.ms.gba.gov.ar\/ssps\/capacitacion\/enfermeria\/urgencias-emergencias-catastrofes.pdf\">CERTIFICACI\u00d3N EN ENFERMER\u00cdA EN URGENCIAS EMERGENCIAS Y CAT\u00c1STROFES<\/a><\/p>\n<p><a href=\"https:\/\/abc.gob.ar\/secretarias\/sites\/default\/files\/2023-01\/Anexo%20I%20Res%203783-22%20Tiempo%20Libre%20y%20Recreaci%C3%B3n_compressed.pdf\">TECNICATURA SUPERIOR EN TIEMPO LIBRE Y RECREACI\u00d3N<\/a><\/p>\n","protected":false},"excerpt":{"rendered":"<p>PROFESORADO DE EDUCACI\u00d3N PRIMARIA &#8211; PROFESORADO DE EDUCACI\u00d3N INICIAL PROFESORADO DE EDUCACION ESPECIAL PROFESORADO SECUNDARIO T\u00c9CNICO EN PRODUCCI\u00d3N AGROPECUARIA TECNICATURA SUPERIOR EN TRABAJO SOCIAL TECNICATURA SUPERIOR EN ENFERMERIA TECNICATURA SUPERIOR EN ACOMPA\u00d1AMIENTO TERAPEUTICO TECNICATURA SUPERIOR EN TURISMO TECNICATURA SUPERIOR EN DESARROLLO DE SOFTWARE TECNICATURA SUPERIOR EN DISE\u00d1O Y PRODUCCION DE INDUMENTARIA TECNICATURA SUPERIOR EN DISE\u00d1O &#8230; <a title=\"DISE\u00d1OS CURRICULARES\" class=\"read-more\" href=\"https:\/\/isfd26-bue.infd.edu.ar\/sitio\/disenos-curriculares\/\" aria-label=\"More on DISE\u00d1OS CURRICULARES\">[+]<\/a><\/p>\n","protected":false},"author":15,"featured_media":0,"parent":0,"menu_order":0,"comment_status":"closed","ping_status":"closed","template":"","meta":[],"acf":[],"_links":{"self":[{"href":"https:\/\/isfd26-bue.infd.edu.ar\/sitio\/wp-json\/wp\/v2\/pages\/773"}],"collection":[{"href":"https:\/\/isfd26-bue.infd.edu.ar\/sitio\/wp-json\/wp\/v2\/pages"}],"about":[{"href":"https:\/\/isfd26-bue.infd.edu.ar\/sitio\/wp-json\/wp\/v2\/types\/page"}],"author":[{"embeddable":true,"href":"https:\/\/isfd26-bue.infd.edu.ar\/sitio\/wp-json\/wp\/v2\/users\/15"}],"replies":[{"embeddable":true,"href":"https:\/\/isfd26-bue.infd.edu.ar\/sitio\/wp-json\/wp\/v2\/comments?post=773"}],"version-history":[{"count":20,"href":"https:\/\/isfd26-bue.infd.edu.ar\/sitio\/wp-json\/wp\/v2\/pages\/773\/revisions"}],"predecessor-version":[{"id":2009,"href":"https:\/\/isfd26-bue.infd.edu.ar\/sitio\/wp-json\/wp\/v2\/pages\/773\/revisions\/2009"}],"wp:attachment":[{"href":"https:\/\/isfd26-bue.infd.edu.ar\/sitio\/wp-json\/wp\/v2\/media?parent=773"}],"curies":[{"name":"wp","href":"https:\/\/api.w.org\/{rel}","templated":true}]}}