{"id":822,"date":"2019-11-24T14:51:01","date_gmt":"2019-11-24T17:51:01","guid":{"rendered":"https:\/\/isfd26-bue.infd.edu.ar\/sitio\/?page_id=822"},"modified":"2026-03-16T22:13:53","modified_gmt":"2026-03-17T01:13:53","slug":"carreras","status":"publish","type":"page","link":"https:\/\/isfd26-bue.infd.edu.ar\/sitio\/carreras\/","title":{"rendered":"CARRERAS"},"content":{"rendered":"\n<p class=\"has-text-align-center\"><strong>Sede calle Marquez<\/strong><\/p>\n\n\n<p style=\"text-align: center;\"><a href=\"https:\/\/padlet.com\/marcelariva1965\/instituto-superior-de-formaci-n-docente-y-t-cnica-n-26-dolor-af4f6oc1rz5je2mg\/wish\/2738223320\" target=\"_blank\" rel=\"noopener\">PROFESORADO DE EDUCACI\u00d3N INICIAL<\/a><\/p>\n<p style=\"text-align: center;\"><a href=\"https:\/\/isfd26-bue.infd.edu.ar\/sitio\/wp-content\/uploads\/2020\/09\/PROFESORADO-DE-EDUCACI\u00d3N-ESPECIALORIENTACI\u00d3N-INTELECTUAL.pdf\">PROFESORADO DE EDUCACI\u00d3N ESPECIAL(ORIENTACI\u00d3N INTELECTUAL)<\/a><\/p>\n<p style=\"text-align: center;\"><a href=\"https:\/\/isfd26-bue.infd.edu.ar\/sitio\/wp-content\/uploads\/2020\/09\/PROFESORADO-DE-EDUCACI\u00d3N-PRIMARIA.pdf\">PROFESORADO DE EDUCACI\u00d3N PRIMARIA<\/a><\/p>\n<p style=\"text-align: center;\"><a href=\"https:\/\/isfd26-bue.infd.edu.ar\/sitio\/wp-content\/uploads\/2020\/09\/TECNICATURA-SUPERIOR-EN-ENFERMER\u00cdA.pdf\">TECNICATURA SUPERIOR EN ENFERMER\u00cdA<\/a><\/p>\n<p style=\"text-align: center;\"><a href=\"https:\/\/isfd26-bue.infd.edu.ar\/sitio\/wp-content\/uploads\/2020\/09\/TECNICATURA-SUPERIOR-EN-TRABAJO-SOCIAL.pdf\">TECNICATURA SUPERIOR EN TRABAJO SOCIAL<\/a><\/p>\n<p style=\"text-align: center;\"><strong>Sede calle Lamadrid<\/strong><\/p>\n<p style=\"text-align: center;\"><a href=\"https:\/\/isfd26-bue.infd.edu.ar\/sitio\/wp-content\/uploads\/2020\/09\/TECNICATURA-SUPERIOR-EN-TURISMO.pdf\">TECNICATURA SUPERIOR EN TURISMO<\/a><\/p>\n<p style=\"text-align: center;\"><a href=\"https:\/\/padlet.com\/marcelariva1965\/instituto-superior-de-formaci-n-docente-y-t-cnica-n-26-dolor-af4f6oc1rz5je2mg\/wish\/pRxDZ4PBNl4oZ183\">TECNICATURA SUPERIOR EN GU\u00cdA DE TURISMO<\/a><\/p>\n<p style=\"text-align: center;\"><a href=\"https:\/\/padlet.com\/marcelariva1965\/instituto-superior-de-formaci-n-docente-y-t-cnica-n-26-dolor-af4f6oc1rz5je2mg\/wish\/790756323\" target=\"_blank\" rel=\"noopener\">TECNICATURA SUPERIOR EN DESARROLLO DE SOFTWARE<\/a><\/p>\n<p style=\"text-align: center;\"><a href=\"https:\/\/padlet.com\/marcelariva1965\/instituto-superior-de-formaci-n-docente-y-t-cnica-n-26-dolor-af4f6oc1rz5je2mg\/wish\/2324673826\" target=\"_blank\" rel=\"noopener\">TECNICATURA SUPERIOR EN DISE\u00d1O Y PRODUCCI\u00d3N DE INDUMENTARIA<\/a><\/p>\n<p style=\"text-align: center;\"><a href=\"https:\/\/padlet.com\/marcelariva1965\/instituto-superior-de-formaci-n-docente-y-t-cnica-n-26-dolor-af4f6oc1rz5je2mg\/wish\/2738225697\" target=\"_blank\" rel=\"noopener\">TECNICATURA SUPERIOR EN DISE\u00d1O, IMAGEN Y SONIDO<\/a><\/p>\n<p style=\"text-align: center;\"><a href=\"https:\/\/padlet.com\/marcelariva1965\/instituto-superior-de-formaci-n-docente-y-t-cnica-n-26-dolor-af4f6oc1rz5je2mg\/wish\/mlNDZ3DR6mYYWznG\" target=\"_blank\" rel=\"noopener\">TECNICATURA SUPERIOR EN SERVICIOS GASTRON\u00d3MICOS<\/a><\/p>\n<p style=\"text-align: center;\"><strong>Sede calle Mar del Plata<\/strong><\/p>\n<p style=\"text-align: center;\"><a href=\"https:\/\/padlet.com\/marcelariva1965\/instituto-superior-de-formaci-n-docente-y-t-cnica-n-26-dolor-af4f6oc1rz5je2mg\/wish\/KxJvagYGyrxAZAg0\" target=\"_blank\" rel=\"noopener\">CERTIFICACI\u00d3N EN ENFERMERIA EN URGENCIAS EMERGENCIAS Y CAT\u00c1STROFES<\/a><\/p>\n<p style=\"text-align: center;\"><a href=\"https:\/\/padlet.com\/marcelariva1965\/instituto-superior-de-formaci-n-docente-y-t-cnica-n-26-dolor-af4f6oc1rz5je2mg\/wish\/2738224512\" target=\"_blank\" rel=\"noopener\">PROFESORADO SECUNDARIO TECNICO EN PRODUCCI\u00d3N AGROPECUARIA<\/a><\/p>\n<p style=\"text-align: center;\"><a href=\"https:\/\/isfd26-bue.infd.edu.ar\/sitio\/wp-content\/uploads\/2020\/09\/TECNICATURA-SUPERIOR-EN-ACOMPA\u00d1ANTE-TERAP\u00c9UTICO.pdf\">TECNICATURA SUPERIOR EN ACOMPA\u00d1ANTE TERAP\u00c9UTICO<\/a><\/p>\n<p style=\"text-align: center;\"><strong>Sede Anexo Unidad Penitenciaria N\u00b0 6<\/strong><\/p>\n<p style=\"text-align: center;\"><a href=\"https:\/\/padlet.com\/marcelariva1965\/instituto-superior-de-formaci-n-docente-y-t-cnica-n-26-dolor-af4f6oc1rz5je2mg\/wish\/mlNDZ3DR6mYYWznG\" target=\"_blank\" rel=\"noopener\">TECNICATURA SUPERIOR EN SERVICIOS GASTRON\u00d3MICOS<\/a><\/p>\n<p style=\"text-align: center;\"><a href=\"https:\/\/u1.padletusercontent.com\/uploads\/padlet-uploads-usc1\/694291275\/5b7472792dcb30bed6defdcb06886015\/TEC_SUP_EN_TIEMPO_LIBRE_Y_RECREACI_N.pdf?token=McyDl06RO_bYGnktGfV9b6rRCRIZ_Gd5f4Wvqho5iY3Vw1s80Wrhq5vOrxJdZJcT438Rq6q8wqzDAxDpoDXYq77x2VvloXMg4LAWw3yH8J6dzOe70NtT94xxwtFRQCdFEYOI2LEyUrzP3iNj9JJp4eHDZhIHA94F5oSJajni_1XgU32hOyd8EXl43zfuCvev1WgWWmGDTARd-SR5HJ4299a_yFEZWNCnskg6RAzyXwubhQGEeHJBY83SFjkS5jUbu5HVV2BvKz2fqqjhVXabNmnBwC61S0zyWY54OmmjeFU=\">TECNICATURA SUPERIOR EN TIEMPO LIBRE Y RECREACI\u00d3N<\/a><\/p>\n<p style=\"text-align: center;\"><strong>Sede Anexo Castelli<\/strong><\/p>\n<p style=\"text-align: center;\"><a href=\"https:\/\/padlet.com\/marcelariva1965\/instituto-superior-de-formaci-n-docente-y-t-cnica-n-26-dolor-af4f6oc1rz5je2mg\/wish\/mlNDZ3DR6mYYWznG\" target=\"_blank\" rel=\"noopener\">TECNICATURA SUPERIOR EN SERVICIOS GASTRON\u00d3MICOS<\/a><\/p>\n<p style=\"text-align: center;\"><a href=\"https:\/\/isfd26-bue.infd.edu.ar\/sitio\/wp-content\/uploads\/2020\/09\/PROFESORADO-DE-EDUCACI\u00d3N-PRIMARIA.pdf\">PROFESORADO DE EDUCACI\u00d3N PRIMARIA<\/a><\/p>\n<p>\u00a0<\/p>\n<p>\u00a0<\/p>\n<p style=\"text-align: center;\">\u00a0<\/p>\n<p style=\"text-align: center;\">\u00a0<\/p>\n<p style=\"text-align: center;\">\u00a0<\/p>\n<p style=\"text-align: center;\">\u00a0<\/p>\n<p style=\"text-align: center;\">\u00a0<\/p>","protected":false},"excerpt":{"rendered":"<p>Sede calle Marquez PROFESORADO DE EDUCACI\u00d3N INICIAL PROFESORADO DE EDUCACI\u00d3N ESPECIAL(ORIENTACI\u00d3N INTELECTUAL) PROFESORADO DE EDUCACI\u00d3N PRIMARIA TECNICATURA SUPERIOR EN ENFERMER\u00cdA TECNICATURA SUPERIOR EN TRABAJO SOCIAL Sede calle Lamadrid TECNICATURA SUPERIOR EN TURISMO TECNICATURA SUPERIOR EN GU\u00cdA DE TURISMO TECNICATURA SUPERIOR EN DESARROLLO DE SOFTWARE TECNICATURA SUPERIOR EN DISE\u00d1O Y PRODUCCI\u00d3N DE INDUMENTARIA TECNICATURA SUPERIOR EN &#8230; <a title=\"CARRERAS\" class=\"read-more\" href=\"https:\/\/isfd26-bue.infd.edu.ar\/sitio\/carreras\/\" aria-label=\"More on CARRERAS\">[+]<\/a><\/p>\n","protected":false},"author":15,"featured_media":0,"parent":0,"menu_order":0,"comment_status":"closed","ping_status":"closed","template":"","meta":[],"acf":[],"_links":{"self":[{"href":"https:\/\/isfd26-bue.infd.edu.ar\/sitio\/wp-json\/wp\/v2\/pages\/822"}],"collection":[{"href":"https:\/\/isfd26-bue.infd.edu.ar\/sitio\/wp-json\/wp\/v2\/pages"}],"about":[{"href":"https:\/\/isfd26-bue.infd.edu.ar\/sitio\/wp-json\/wp\/v2\/types\/page"}],"author":[{"embeddable":true,"href":"https:\/\/isfd26-bue.infd.edu.ar\/sitio\/wp-json\/wp\/v2\/users\/15"}],"replies":[{"embeddable":true,"href":"https:\/\/isfd26-bue.infd.edu.ar\/sitio\/wp-json\/wp\/v2\/comments?post=822"}],"version-history":[{"count":14,"href":"https:\/\/isfd26-bue.infd.edu.ar\/sitio\/wp-json\/wp\/v2\/pages\/822\/revisions"}],"predecessor-version":[{"id":2073,"href":"https:\/\/isfd26-bue.infd.edu.ar\/sitio\/wp-json\/wp\/v2\/pages\/822\/revisions\/2073"}],"wp:attachment":[{"href":"https:\/\/isfd26-bue.infd.edu.ar\/sitio\/wp-json\/wp\/v2\/media?parent=822"}],"curies":[{"name":"wp","href":"https:\/\/api.w.org\/{rel}","templated":true}]}}